{"id":738,"date":"2023-01-16T17:53:06","date_gmt":"2023-01-16T17:53:06","guid":{"rendered":"https:\/\/www.defiendetupueblo.es\/?page_id=738"},"modified":"2023-01-16T18:21:57","modified_gmt":"2023-01-16T18:21:57","slug":"quienes-somos","status":"publish","type":"page","link":"https:\/\/www.defiendetupueblo.es\/index.php\/quienes-somos\/","title":{"rendered":"Qui\u00e9nes Somos"},"content":{"rendered":"<p>[et_pb_section fb_built=&#8221;1&#8243; fullwidth=&#8221;on&#8221; _builder_version=&#8221;4.18.0&#8243; _module_preset=&#8221;default&#8221; global_colors_info=&#8221;{}&#8221;][et_pb_fullwidth_menu menu_id=&#8221;13&#8243; logo=&#8221;https:\/\/www.defiendetupueblo.es\/wp-content\/uploads\/2022\/12\/Defiende-Tu-Pueblo-logo-120.png&#8221; logo_url=&#8221;@ET-DC@eyJkeW5hbWljIjp0cnVlLCJjb250ZW50IjoiaG9tZV91cmwiLCJzZXR0aW5ncyI6e319@&#8221; admin_label=&#8221;Menu ESP&#8221; _builder_version=&#8221;4.18.0&#8243; _dynamic_attributes=&#8221;logo_url&#8221; _module_preset=&#8221;default&#8221; menu_font=&#8221;|600|||||||&#8221; menu_text_color=&#8221;#051d5b&#8221; menu_letter_spacing=&#8221;1px&#8221; global_module=&#8221;437&#8243; global_colors_info=&#8221;{}&#8221;][\/et_pb_fullwidth_menu][\/et_pb_section][et_pb_section fb_built=&#8221;1&#8243; admin_label=&#8221;section&#8221; _builder_version=&#8221;4.18.0&#8243; background_image=&#8221;https:\/\/www.defiendetupueblo.es\/wp-content\/uploads\/2022\/12\/05-19-21-oliveyard-may-scaled.jpg&#8221; global_colors_info=&#8221;{}&#8221;][et_pb_row admin_label=&#8221;row&#8221; _builder_version=&#8221;4.18.0&#8243; background_color=&#8221;rgba(255,255,255,0.74)&#8221; background_enable_image=&#8221;off&#8221; parallax=&#8221;on&#8221; global_colors_info=&#8221;{}&#8221;][et_pb_column type=&#8221;4_4&#8243; _builder_version=&#8221;4.16&#8243; custom_padding=&#8221;|||&#8221; global_colors_info=&#8221;{}&#8221; custom_padding__hover=&#8221;|||&#8221;][et_pb_text admin_label=&#8221;text Quin Somos&#8221; _builder_version=&#8221;4.18.0&#8243; _module_preset=&#8221;default&#8221; text_font=&#8221;|600|||||||&#8221; custom_padding=&#8221;30px|50px|60px|50px|false|true&#8221; hover_enabled=&#8221;0&#8243; locked=&#8221;off&#8221; global_colors_info=&#8221;{}&#8221; sticky_enabled=&#8221;0&#8243;]<\/p>\n<h2><\/h2>\n<h2>\u00bfQui\u00e9nes somos?<\/h2>\n<p>Somos un grupo de personas que vivimos en la Serran\u00eda y Camp de T\u00faria de Valencia que nos hemos unido para denunciar y luchar contra las temerarias propuestas de instalar energ\u00edas llamadas &#8220;renovables&#8221; en gran parte del precioso paisaje en el que tenemos la suerte de vivir. Algunos de nosotros estamos directamente afectados por los planes de los parques solares de Renovalia, lo que significa que un parque solar o una de las torres o l\u00edneas de alta tensi\u00f3n se pondr\u00e1n en nuestra tierra, o muy cerca, mientras que otros de nosotros estamos indirectamente afectados, sintiendo que todo este modelo de producci\u00f3n de energ\u00eda no es sostenible o verde de ninguna manera. Estamos unidos en la creencia de que los pueblos y el campo nunca volver\u00e1n a tener el mismo aspecto y que estos proyectos causar\u00e1n da\u00f1os irreversibles al medio ambiente, la biodiversidad y las estructuras sociales.<\/p>\n<p>&nbsp;<\/p>\n<h2>\u00bfQu\u00e9 queremos?<\/h2>\n<p>En primer lugar: NO estamos en contra de la energ\u00eda renovable. Sin embargo, estamos muy en contra de la forma en que esta energ\u00eda renovable est\u00e1 siendo explotada y utilizada para la especulaci\u00f3n en el mercado de la energ\u00eda. La falta de visi\u00f3n del gobierno nacional y las laxas regulaciones est\u00e1n dando actualmente a las grandes compa\u00f1\u00edas de inversi\u00f3n y a los fondos de cobertura carta blanca para hacer b\u00e1sicamente lo que quieran, permiti\u00e9ndoles construir parques solares o parques e\u00f3licos casi donde quieran, sin suficientes estudios de los impactos sociales, econ\u00f3micos y medioambientales. Utilizando pr\u00e1cticas fraudulentas (como fragmentar proyectos enormes en otros m\u00e1s peque\u00f1os) eluden la ley, lo que les abarata y, sobre todo, les facilita mucho la obtenci\u00f3n de los terrenos y los permisos necesarios para sus proyectos. Ampar\u00e1ndose en el derecho a alegar que sus proyectos son de &#8220;utilidad p\u00fablica&#8221; (aunque se trate de empresas privadas y fondos especulativos) s\u00f3lo necesitan conseguir contratos para el 25% del terreno que quieren utilizar, para tener derecho a confiscar el resto (75%), si es necesario.<\/p>\n<p>Queremos que la energ\u00eda renovable se genere de forma sostenible. Con la preservaci\u00f3n del paisaje, la flora y la fauna y el modo de vida rural. Queremos que los gobiernos locales y nacionales busquen ubicaciones alternativas para estos proyectos, de modo que la &#8220;energ\u00eda verde&#8221; no se produzca a costa del entorno verde, la naturaleza y la biodiversidad. Los paneles solares deber\u00edan instalarse en tejados, pol\u00edgonos industriales, aparcamientos, a lo largo de las autopistas, en minas y canteras abandonadas (de las que nuestra zona tiene muchas) y en proyectos locales de energ\u00eda aut\u00f3noma. Todo esto es muy posible, con una mejor planificaci\u00f3n y la voluntad de instalar una verdadera energ\u00eda sostenible y no ceder a la presi\u00f3n de enormes empresas de inversi\u00f3n extranjeras que s\u00f3lo est\u00e1n en esto para obtener un beneficio r\u00e1pido.<\/p>\n<p>&nbsp;<\/p>\n<p>&nbsp;<\/p>\n<h3>Si te preguntas si puedes ayudarnos&#8230;<\/h3>\n<p>Por supuesto que puedes ayudarnos. Es muy f\u00e1cil hacerlo y puede marcar la diferencia.<br \/>As\u00ed es como puedes ayudarnos<br \/>&#8211; Informando a los dem\u00e1s sobre los planes de estas grandes empresas de inversi\u00f3n y sus graves consecuencias.<br \/>&#8211; Participando en manifestaciones, etc.<br \/>&#8211; Mostrando al gobierno, tanto local como nacional, que est\u00e1s en contra de estas pr\u00e1cticas.<\/p>\n<p>Al final afectar\u00e1 a cualquiera que viva en o cerca de estos pueblos y, francamente, a cualquiera en Espa\u00f1a, porque el campo que est\u00e1 amenazado, es fuente de alimentos, turismo, biodiversidad, bienestar y pulm\u00f3n de todos. Tenemos que proteger esto contra la especulaci\u00f3n, el lavado verde y la codicia.<\/p>\n<p>Si tiene alguna pregunta, no dude en ponerse en contacto con nosotros. Hay varias direcciones de correo electr\u00f3nico para los distintos pueblos desde los que operamos.<\/p>\n<p>[\/et_pb_text][\/et_pb_column][\/et_pb_row][\/et_pb_section]<\/p>\n","protected":false},"excerpt":{"rendered":"<p>\u00bfQui\u00e9nes somos? Somos un grupo de personas que vivimos en la Serran\u00eda y Camp de T\u00faria de Valencia que nos hemos unido para denunciar y luchar contra las temerarias propuestas de instalar energ\u00edas llamadas &#8220;renovables&#8221; en gran parte del precioso paisaje en el que tenemos la suerte de vivir. Algunos de nosotros estamos directamente afectados [&hellip;]<\/p>\n","protected":false},"author":2,"featured_media":343,"parent":0,"menu_order":0,"comment_status":"closed","ping_status":"closed","template":"page-template-blank.php","meta":{"_et_pb_use_builder":"on","_et_pb_old_content":"","_et_gb_content_width":"","footnotes":""},"class_list":["post-738","page","type-page","status-publish","has-post-thumbnail","hentry"],"_links":{"self":[{"href":"https:\/\/www.defiendetupueblo.es\/index.php\/wp-json\/wp\/v2\/pages\/738","targetHints":{"allow":["GET"]}}],"collection":[{"href":"https:\/\/www.defiendetupueblo.es\/index.php\/wp-json\/wp\/v2\/pages"}],"about":[{"href":"https:\/\/www.defiendetupueblo.es\/index.php\/wp-json\/wp\/v2\/types\/page"}],"author":[{"embeddable":true,"href":"https:\/\/www.defiendetupueblo.es\/index.php\/wp-json\/wp\/v2\/users\/2"}],"replies":[{"embeddable":true,"href":"https:\/\/www.defiendetupueblo.es\/index.php\/wp-json\/wp\/v2\/comments?post=738"}],"version-history":[{"count":9,"href":"https:\/\/www.defiendetupueblo.es\/index.php\/wp-json\/wp\/v2\/pages\/738\/revisions"}],"predecessor-version":[{"id":772,"href":"https:\/\/www.defiendetupueblo.es\/index.php\/wp-json\/wp\/v2\/pages\/738\/revisions\/772"}],"wp:featuredmedia":[{"embeddable":true,"href":"https:\/\/www.defiendetupueblo.es\/index.php\/wp-json\/wp\/v2\/media\/343"}],"wp:attachment":[{"href":"https:\/\/www.defiendetupueblo.es\/index.php\/wp-json\/wp\/v2\/media?parent=738"}],"curies":[{"name":"wp","href":"https:\/\/api.w.org\/{rel}","templated":true}]}}