{"id":338,"date":"2022-12-13T21:49:50","date_gmt":"2022-12-13T21:49:50","guid":{"rendered":"https:\/\/www.defiendetupueblo.es\/?page_id=338"},"modified":"2022-12-17T15:05:14","modified_gmt":"2022-12-17T15:05:14","slug":"la-causa","status":"publish","type":"page","link":"https:\/\/www.defiendetupueblo.es\/index.php\/la-causa\/","title":{"rendered":"La Causa"},"content":{"rendered":"<p>[et_pb_section fb_built=&#8221;1&#8243; fullwidth=&#8221;on&#8221; _builder_version=&#8221;4.18.0&#8243; _module_preset=&#8221;default&#8221; global_colors_info=&#8221;{}&#8221;][et_pb_fullwidth_menu menu_id=&#8221;5&#8243; logo=&#8221;https:\/\/www.defiendetupueblo.es\/wp-content\/uploads\/2022\/12\/Defiende-Tu-Pueblo-logo-120.png&#8221; logo_width=&#8221;33%&#8221; admin_label=&#8221;Menu EN&#8221; _builder_version=&#8221;4.18.0&#8243; _module_preset=&#8221;default&#8221; menu_font=&#8221;|600||on|||||&#8221; menu_text_color=&#8221;#051d5b&#8221; menu_letter_spacing=&#8221;1px&#8221; global_module=&#8221;99&#8243; saved_tabs=&#8221;all&#8221; global_colors_info=&#8221;{}&#8221;][\/et_pb_fullwidth_menu][\/et_pb_section][et_pb_section fb_built=&#8221;1&#8243; admin_label=&#8221;section&#8221; _builder_version=&#8221;4.18.0&#8243; background_image=&#8221;https:\/\/www.defiendetupueblo.es\/wp-content\/uploads\/2022\/12\/05-19-21-oliveyard-may-scaled.jpg&#8221; global_colors_info=&#8221;{}&#8221;][et_pb_row admin_label=&#8221;row&#8221; _builder_version=&#8221;4.18.0&#8243; background_color=&#8221;rgba(255,255,255,0.74)&#8221; background_enable_image=&#8221;off&#8221; parallax=&#8221;on&#8221; global_colors_info=&#8221;{}&#8221;][et_pb_column type=&#8221;4_4&#8243; _builder_version=&#8221;4.16&#8243; custom_padding=&#8221;|||&#8221; global_colors_info=&#8221;{}&#8221; custom_padding__hover=&#8221;|||&#8221;][et_pb_text _builder_version=&#8221;4.18.0&#8243; _module_preset=&#8221;default&#8221; text_font=&#8221;|600|||||||&#8221; text_text_color=&#8221;#034f6b&#8221; header_2_text_color=&#8221;#034f6b&#8221; custom_padding=&#8221;30px|50px|60px|50px|false|true&#8221; hover_enabled=&#8221;0&#8243; locked=&#8221;off&#8221; global_colors_info=&#8221;{}&#8221; sticky_enabled=&#8221;0&#8243; header_3_text_color=&#8221;#034f6b&#8221;]<\/p>\n<h2>\u00bfC\u00f3mo defendemos nuestra comunidad?<\/h2>\n<p>No estamos en contra de la energ\u00eda solar. Y es triste que tengamos que luchar contra estas mega plantas fotovoltaicas .<br \/>Pero resulta que una empresa como Renovalia no est\u00e1 en el negocio de la energ\u00eda solar para hacer de este lugar un mundo mejor. Su principal raz\u00f3n para construir megagranjas solares es ganar dinero.<br \/>Como se desprende claramente de sus propuestas, Renovalia no tiene ning\u00fan problema en talar millones de \u00e1rboles, destruir h\u00e1bitats de vida salvaje y tierras de cultivo, espacios vitales y rutas tur\u00edsticas de senderismo, para dejar paso a un desierto de paneles solares.<br \/>Renovalia es una empresa basada en el capitalismo del desastre. Utiliza la crisis clim\u00e1tica mundial como justificaci\u00f3n y oportunidad para ganar dinero. No busca resolver el problema, sino monetizarlo en su propio beneficio.<\/p>\n<ul>\n<li>Talar \u00e1rboles no ayuda a la crisis clim\u00e1tica.<\/li>\n<li>Destruir tierras de cultivo no ayuda a la econom\u00eda local ni a la crisis clim\u00e1tica.<\/li>\n<li>Destruir h\u00e1bitats de aves no ayuda a la biodiversidad en una \u00e9poca de extinci\u00f3n masiva.<\/li>\n<li>Los huertos solares no dar\u00e1n trabajo a la econom\u00eda local, ya que estar\u00e1n automatizados.<\/li>\n<\/ul>\n<p>La electricidad generada por los parques solares de Renovalia no beneficiar\u00e1 a las comunidades locales. Se vender\u00e1 a la red nacional y probablemente se exportar\u00e1 al norte de Europa. El objetivo es llenar las carteras de los fondos especulativos que han invertido y que especulan con las iniciativas de energ\u00edas renovables. Este no es un sistema econ\u00f3mico sostenible. Lamentablemente, este escenario se est\u00e1 reproduciendo en muchos lugares de Espa\u00f1a y m\u00e1s all\u00e1.<\/p>\n<p>&nbsp;<\/p>\n<p>&nbsp;<\/p>\n<h2>Entonces, \u00bfpor qu\u00e9 luchar?<\/h2>\n<p>La tecnolog\u00eda de la energ\u00eda solar es asombrosa y tiene un gran potencial. Planteamos esta pregunta: \u00bfPor qu\u00e9 no se pueden construir paneles solares en tejados adecuados y en espacios de tierra degradados como una cuesti\u00f3n de pol\u00edtica generalizada?<br \/>Apoyamos los siguientes planteamientos generales para el suministro de energ\u00eda comunitaria:<\/p>\n<ul>\n<li>Un aumento significativo del apoyo a los paneles solares en los tejados. No s\u00f3lo en viviendas, sino tambi\u00e9n en edificios industriales, aparcamientos, minas en desuso y terrenos excavados.<\/li>\n<li>Mayor apoyo y protecci\u00f3n de las tierras de cultivo (secano y regad\u00edo)<\/li>\n<li>Construcci\u00f3n de mejores redes locales de energ\u00eda.<\/li>\n<li>Promoci\u00f3n de los productos agr\u00edcolas locales.<\/li>\n<li>Preservaci\u00f3n de los h\u00e1bitats animales y vegetales locales.<\/li>\n<li>Apoyo a las personas para que vivan en el campo.<\/li>\n<\/ul>\n<p>Ahora tenemos una oportunidad \u00fanica de democratizar la energ\u00eda permitiendo que la gente genere su propia energ\u00eda renovable. \u00bfDejamos que la historia se repita permitiendo que empresas como Renovalia se apoderen de nuestros recursos y de nuestras decisiones pol\u00edticas (como hicieron Shell, BP y Standard Oil con los combustibles f\u00f3siles a principios del siglo XX)? \u00bfO ayudamos a crear independencia energ\u00e9tica y una distribuci\u00f3n equitativa fomentando los paneles solares en los tejados y apoyando las cooperativas energ\u00e9ticas y las instalaciones solares de propiedad local?<\/p>\n<p>&nbsp;<\/p>\n<h3 style=\"text-align: center;\">Esto es por lo que podemos luchar.<\/h3>\n<h3 style=\"text-align: center;\">As\u00ed es como podemos defender nuestra comunidad.<\/h3>\n<p>[\/et_pb_text][\/et_pb_column][\/et_pb_row][\/et_pb_section]<\/p>\n","protected":false},"excerpt":{"rendered":"<p>\u00bfC\u00f3mo defendemos nuestra comunidad? No estamos en contra de la energ\u00eda solar. Y es triste que tengamos que luchar contra estas mega plantas fotovoltaicas .Pero resulta que una empresa como Renovalia no est\u00e1 en el negocio de la energ\u00eda solar para hacer de este lugar un mundo mejor. Su principal raz\u00f3n para construir megagranjas solares [&hellip;]<\/p>\n","protected":false},"author":2,"featured_media":0,"parent":0,"menu_order":0,"comment_status":"closed","ping_status":"closed","template":"page-template-blank.php","meta":{"_et_pb_use_builder":"on","_et_pb_old_content":"","_et_gb_content_width":"","footnotes":""},"class_list":["post-338","page","type-page","status-publish","hentry"],"_links":{"self":[{"href":"https:\/\/www.defiendetupueblo.es\/index.php\/wp-json\/wp\/v2\/pages\/338","targetHints":{"allow":["GET"]}}],"collection":[{"href":"https:\/\/www.defiendetupueblo.es\/index.php\/wp-json\/wp\/v2\/pages"}],"about":[{"href":"https:\/\/www.defiendetupueblo.es\/index.php\/wp-json\/wp\/v2\/types\/page"}],"author":[{"embeddable":true,"href":"https:\/\/www.defiendetupueblo.es\/index.php\/wp-json\/wp\/v2\/users\/2"}],"replies":[{"embeddable":true,"href":"https:\/\/www.defiendetupueblo.es\/index.php\/wp-json\/wp\/v2\/comments?post=338"}],"version-history":[{"count":21,"href":"https:\/\/www.defiendetupueblo.es\/index.php\/wp-json\/wp\/v2\/pages\/338\/revisions"}],"predecessor-version":[{"id":526,"href":"https:\/\/www.defiendetupueblo.es\/index.php\/wp-json\/wp\/v2\/pages\/338\/revisions\/526"}],"wp:attachment":[{"href":"https:\/\/www.defiendetupueblo.es\/index.php\/wp-json\/wp\/v2\/media?parent=338"}],"curies":[{"name":"wp","href":"https:\/\/api.w.org\/{rel}","templated":true}]}}