{"id":229,"date":"2022-12-04T16:51:24","date_gmt":"2022-12-04T16:51:24","guid":{"rendered":"https:\/\/www.defiendetupueblo.es\/?page_id=229"},"modified":"2023-01-03T11:11:09","modified_gmt":"2023-01-03T11:11:09","slug":"godelleta-6","status":"publish","type":"page","link":"https:\/\/www.defiendetupueblo.es\/index.php\/godelleta-6\/","title":{"rendered":"Godelleta 6 &#8211; Villar del Arzobispo \/ Pedralba"},"content":{"rendered":"<p>[et_pb_section fb_built=&#8221;1&#8243; fullwidth=&#8221;on&#8221; _builder_version=&#8221;4.18.0&#8243; _module_preset=&#8221;default&#8221; global_colors_info=&#8221;{}&#8221;][et_pb_fullwidth_menu menu_id=&#8221;5&#8243; logo=&#8221;https:\/\/www.defiendetupueblo.es\/wp-content\/uploads\/2022\/12\/Defiende-Tu-Pueblo-logo-120.png&#8221; logo_width=&#8221;33%&#8221; admin_label=&#8221;Menu EN&#8221; _builder_version=&#8221;4.18.0&#8243; _module_preset=&#8221;default&#8221; menu_font=&#8221;|600||on|||||&#8221; menu_text_color=&#8221;#051d5b&#8221; menu_letter_spacing=&#8221;1px&#8221; global_module=&#8221;99&#8243; saved_tabs=&#8221;all&#8221; global_colors_info=&#8221;{}&#8221;][\/et_pb_fullwidth_menu][et_pb_fullwidth_post_title meta=&#8221;off&#8221; featured_image=&#8221;off&#8221; admin_label=&#8221;Fullwidth Post Title&#8221; _builder_version=&#8221;4.18.0&#8243; _module_preset=&#8221;default&#8221; global_module=&#8221;113&#8243; saved_tabs=&#8221;all&#8221; global_colors_info=&#8221;{}&#8221;][\/et_pb_fullwidth_post_title][\/et_pb_section][et_pb_section fb_built=&#8221;1&#8243; _builder_version=&#8221;4.18.0&#8243; _module_preset=&#8221;default&#8221; global_colors_info=&#8221;{}&#8221;][et_pb_row _builder_version=&#8221;4.18.0&#8243; _module_preset=&#8221;default&#8221; global_colors_info=&#8221;{}&#8221;][et_pb_column type=&#8221;4_4&#8243; _builder_version=&#8221;4.18.0&#8243; _module_preset=&#8221;default&#8221; global_colors_info=&#8221;{}&#8221;][et_pb_text _builder_version=&#8221;4.18.0&#8243; _module_preset=&#8221;default&#8221; global_colors_info=&#8221;{}&#8221;]<\/p>\n<div class=\"field field-node--field-medio-principal field-formatter-entity-reference-revisions-entity-view field-name-field-medio-principal field-type-entity-reference-revisions field-label-hidden has-single\">\n<div class=\"field__items\">\n<div class=\"field__item\">\n<div class=\"paragraph paragraph--type-es7-main-media paragraph--view-mode-default\"><\/div>\n<\/div>\n<\/div>\n<\/div>\n<div class=\"clearfix text-formatted field field-node--body field-formatter-text-default field-name-body field-type-text-with-summary field-label-hidden has-single\">\n<div class=\"field__items\">\n<div class=\"field__item\">\n<p>Adjuntamos las alegaciones al proyecto de central fotovoltaica denominada PSFV 50 MW Godelleta 6, incluyendo la infraestructura de evacuaci\u00f3n hasta la Subestaci\u00f3n Losa 400\/132 kV, en los TT.MM. de Villar del Arzobispo, Ll\u00edria, Villamarxant, Pedralba, Cheste, Chiva, Godelleta y Casinos (Valencia), as\u00ed como el anuncio de la Conselleria de Econom\u00eda Sostenible, Sectores Productivos, Comercio y Trabajo.<\/p>\n<p>Se podr\u00e1 hacer a trav\u00e9s de la direcci\u00f3n electr\u00f3nica indicada o presencialmente en el Servicio Territorial de Industria, Energ\u00eda y Minas de Valencia, sito en C\/Gregorio Gea 27 de Valencia, as\u00ed como dirigir al citado servicio territorial las alegaciones que se consideren oportunas en plazo de 15 d\u00edas h\u00e1biles.<\/p>\n<p>De igual manera, la fecha tope para presentar las alegaciones es el pr\u00f3ximo 9 de enero de 2023.<\/p>\n<\/div>\n<\/div>\n<\/div>\n<p><a href=\"https:\/\/www.pedralba.es\/sites\/www.pedralba.es\/files\/BORRADOR%20ALEGACIONES%20PEDRALBA%20%281%29.pdf\" target=\"_blank\" rel=\"noopener\">Borador Alegaciones Pedralba Godelleta 6 (PDF)<\/a><\/p>\n<p><a href=\"https:\/\/www.pedralba.es\/sites\/www.pedralba.es\/files\/BORRADOR%20ALEGACIONES%20PEDRALBA%20%281%29.docx\" target=\"_blank\" rel=\"noopener\">Borador Alegaciones Godelleta 6 (Doc)<\/a><\/p>\n<p>&nbsp;<\/p>\n<p>[\/et_pb_text][et_pb_image src=&#8221;https:\/\/www.defiendetupueblo.es\/wp-content\/uploads\/2022\/12\/Godelleta-6.jpg&#8221; title_text=&#8221;Godelleta 6&#8243; show_in_lightbox=&#8221;on&#8221; _builder_version=&#8221;4.18.0&#8243; _module_preset=&#8221;default&#8221; global_colors_info=&#8221;{}&#8221;][\/et_pb_image][et_pb_text _builder_version=&#8221;4.18.0&#8243; _module_preset=&#8221;default&#8221; global_colors_info=&#8221;{}&#8221;]<\/p>\n<h2><span id=\"page25R_mcid46\" class=\"markedContent\"><span dir=\"ltr\" role=\"presentation\">Godelleta 6 &#8211; Villar del Arzobispo \/ Pedralba<br \/><\/span><\/span><\/h2>\n<p>[\/et_pb_text][\/et_pb_column][\/et_pb_row][\/et_pb_section]<\/p>\n","protected":false},"excerpt":{"rendered":"<p>Adjuntamos las alegaciones al proyecto de central fotovoltaica denominada PSFV 50 MW Godelleta 6, incluyendo la infraestructura de evacuaci\u00f3n hasta la Subestaci\u00f3n Losa 400\/132 kV, en los TT.MM. de Villar del Arzobispo, Ll\u00edria, Villamarxant, Pedralba, Cheste, Chiva, Godelleta y Casinos (Valencia), as\u00ed como el anuncio de la Conselleria de Econom\u00eda Sostenible, Sectores Productivos, Comercio y [&hellip;]<\/p>\n","protected":false},"author":2,"featured_media":0,"parent":0,"menu_order":0,"comment_status":"closed","ping_status":"closed","template":"page-template-blank.php","meta":{"_et_pb_use_builder":"on","_et_pb_old_content":"","_et_gb_content_width":"","footnotes":""},"class_list":["post-229","page","type-page","status-publish","hentry"],"_links":{"self":[{"href":"https:\/\/www.defiendetupueblo.es\/index.php\/wp-json\/wp\/v2\/pages\/229","targetHints":{"allow":["GET"]}}],"collection":[{"href":"https:\/\/www.defiendetupueblo.es\/index.php\/wp-json\/wp\/v2\/pages"}],"about":[{"href":"https:\/\/www.defiendetupueblo.es\/index.php\/wp-json\/wp\/v2\/types\/page"}],"author":[{"embeddable":true,"href":"https:\/\/www.defiendetupueblo.es\/index.php\/wp-json\/wp\/v2\/users\/2"}],"replies":[{"embeddable":true,"href":"https:\/\/www.defiendetupueblo.es\/index.php\/wp-json\/wp\/v2\/comments?post=229"}],"version-history":[{"count":8,"href":"https:\/\/www.defiendetupueblo.es\/index.php\/wp-json\/wp\/v2\/pages\/229\/revisions"}],"predecessor-version":[{"id":547,"href":"https:\/\/www.defiendetupueblo.es\/index.php\/wp-json\/wp\/v2\/pages\/229\/revisions\/547"}],"wp:attachment":[{"href":"https:\/\/www.defiendetupueblo.es\/index.php\/wp-json\/wp\/v2\/media?parent=229"}],"curies":[{"name":"wp","href":"https:\/\/api.w.org\/{rel}","templated":true}]}}